{"id":2,"date":"2017-02-06T09:16:45","date_gmt":"2017-02-06T08:16:45","guid":{"rendered":"http:\/\/www.f3f.fr\/portails-volets-clotures-stores\/?page_id=2"},"modified":"2024-06-13T11:10:27","modified_gmt":"2024-06-13T09:10:27","slug":"page-d-exemple","status":"publish","type":"page","link":"https:\/\/www.f3f.fr\/portails-volets-clotures-stores\/page-d-exemple\/","title":{"rendered":"SERVICES"},"content":{"rendered":"\t\t<div data-elementor-type=\"wp-page\" data-elementor-id=\"2\" class=\"elementor elementor-2\">\n\t\t\t\t\t\t<section class=\"penci-section penci-disSticky penci-structure-10 elementor-section elementor-top-section elementor-element elementor-element-484ebce9 elementor-section-boxed elementor-section-height-default elementor-section-height-default\" data-id=\"484ebce9\" data-element_type=\"section\">\n\t\t\t\t\t\t<div class=\"elementor-container elementor-column-gap-default\">\n\t\t\t\t\t<div class=\"penci-ercol-100 penci-ercol-order-1 penci-sticky-ct    elementor-column elementor-col-100 elementor-top-column elementor-element elementor-element-17a0fc19\" data-id=\"17a0fc19\" data-element_type=\"column\">\n\t\t\t<div class=\"elementor-widget-wrap elementor-element-populated\">\n\t\t\t\t\t\t<div class=\"elementor-element elementor-element-6188646 elementor-widget elementor-widget-penci-image-gallery\" data-id=\"6188646\" data-element_type=\"widget\" data-widget_type=\"penci-image-gallery.default\">\n\t\t\t\t<div class=\"elementor-widget-container\">\n\t\t\t\t\t        <div data-sliderid=\"94030\" id=\"penci-image_gallery_94030\"\n             class=\"penci-block-vc penci-image-gallery penci-image-gallery-single-slider\">\n\t\t\t        <div class=\"penci-border-arrow penci-homepage-title penci-home-latest-posts style-1 pcalign-center pciconp-right pcicon-right block-title-icon-left\">\n            <h3 class=\"inner-arrow\">\n                <span>\n                    <span>FERMETURES DES TROIS FRONTIERES<\/a>                <\/span>\n            <\/h3>\n\t\t\t        <\/div>\n\t\t            <div class=\"penci-block_content \">\n\t\t\t\t<div class=\"penci-post-gallery-container single-slider column-\" data-height=\"150\" data-margin=\"3\"><div class=\"penci-owl-carousel swiper penci-owl-carousel-slider penci-nav-visible\" data-auto=\"true\" data-lazy=\"true\"><div class=\"swiper-wrapper\"><figure class=\"swiper-slide\"><a class=\"penci-gallery-ite item-gallery-single-slider item-link-relative\" href=\"https:\/\/www.f3f.fr\/portails-volets-clotures-stores\/wp-content\/uploads\/2024\/02\/IMG-20231129-WA0012.jpg\" data-rel=\"penci-gallery-image-content\"  data-rel=\"penci-gallery-image-content\" data-idwrap=\"penci-image_gallery_94030\"><span class=\"penci-isotope-padding\" style=\"padding-bottom:75.04273504%;\"><\/span><img decoding=\"async\" src=\"https:\/\/www.f3f.fr\/portails-volets-clotures-stores\/wp-content\/uploads\/2024\/02\/IMG-20231129-WA0012-1170x878.jpg\" alt=\"\" title=\"IMG-20231129-WA0012\"><\/a><\/figure><figure class=\"swiper-slide\"><a class=\"penci-gallery-ite item-gallery-single-slider item-link-relative\" href=\"https:\/\/www.f3f.fr\/portails-volets-clotures-stores\/wp-content\/uploads\/2024\/02\/20231222_120935.jpg\" data-rel=\"penci-gallery-image-content\"  data-rel=\"penci-gallery-image-content\" data-idwrap=\"penci-image_gallery_94030\"><span class=\"penci-isotope-padding\" style=\"padding-bottom:45.04273504%;\"><\/span><img decoding=\"async\" src=\"https:\/\/www.f3f.fr\/portails-volets-clotures-stores\/wp-content\/uploads\/2024\/02\/20231222_120935-1170x527.jpg\" alt=\"\" title=\"20231222_120935\"><\/a><\/figure><figure class=\"swiper-slide\"><a class=\"penci-gallery-ite item-gallery-single-slider item-link-relative\" href=\"https:\/\/www.f3f.fr\/portails-volets-clotures-stores\/wp-content\/uploads\/2024\/02\/20231124_154316.jpg\" data-rel=\"penci-gallery-image-content\"  data-rel=\"penci-gallery-image-content\" data-idwrap=\"penci-image_gallery_94030\"><span class=\"penci-isotope-padding\" style=\"padding-bottom:45.04273504%;\"><\/span><img decoding=\"async\" src=\"https:\/\/www.f3f.fr\/portails-volets-clotures-stores\/wp-content\/uploads\/2024\/02\/20231124_154316-1170x527.jpg\" alt=\"\" title=\"20231124_154316\"><\/a><\/figure><figure class=\"swiper-slide\"><a class=\"penci-gallery-ite item-gallery-single-slider item-link-relative\" href=\"https:\/\/www.f3f.fr\/portails-volets-clotures-stores\/wp-content\/uploads\/2024\/02\/20231027_110454.jpg\" data-rel=\"penci-gallery-image-content\"  data-rel=\"penci-gallery-image-content\" data-idwrap=\"penci-image_gallery_94030\"><span class=\"penci-isotope-padding\" style=\"padding-bottom:45.04273504%;\"><\/span><img decoding=\"async\" src=\"https:\/\/www.f3f.fr\/portails-volets-clotures-stores\/wp-content\/uploads\/2024\/02\/20231027_110454-1170x527.jpg\" alt=\"\" title=\"20231027_110454\"><\/a><\/figure><figure class=\"swiper-slide\"><a class=\"penci-gallery-ite item-gallery-single-slider item-link-relative\" href=\"https:\/\/www.f3f.fr\/portails-volets-clotures-stores\/wp-content\/uploads\/2022\/01\/Unknown.jpeg\" data-rel=\"penci-gallery-image-content\"  data-rel=\"penci-gallery-image-content\" data-idwrap=\"penci-image_gallery_94030\"><span class=\"penci-isotope-padding\" style=\"padding-bottom:38.88888889%;\"><\/span><img decoding=\"async\" src=\"https:\/\/www.f3f.fr\/portails-volets-clotures-stores\/wp-content\/uploads\/2022\/01\/Unknown.jpeg\" alt=\"\" title=\"Unknown\"><\/a><\/figure><figure class=\"swiper-slide\"><a class=\"penci-gallery-ite item-gallery-single-slider item-link-relative\" href=\"https:\/\/www.f3f.fr\/portails-volets-clotures-stores\/wp-content\/uploads\/2024\/02\/20231222_120445.jpg\" data-rel=\"penci-gallery-image-content\"  data-rel=\"penci-gallery-image-content\" data-idwrap=\"penci-image_gallery_94030\"><span class=\"penci-isotope-padding\" style=\"padding-bottom:45.04273504%;\"><\/span><img decoding=\"async\" src=\"https:\/\/www.f3f.fr\/portails-volets-clotures-stores\/wp-content\/uploads\/2024\/02\/20231222_120445-1170x527.jpg\" alt=\"\" title=\"20231222_120445\"><\/a><\/figure><figure class=\"swiper-slide\"><a class=\"penci-gallery-ite item-gallery-single-slider item-link-relative\" href=\"https:\/\/www.f3f.fr\/portails-volets-clotures-stores\/wp-content\/uploads\/2017\/03\/IMG_2063.jpg\" data-rel=\"penci-gallery-image-content\"  data-rel=\"penci-gallery-image-content\" data-idwrap=\"penci-image_gallery_94030\"><span class=\"penci-isotope-padding\" style=\"padding-bottom:100.00000000%;\"><\/span><img decoding=\"async\" src=\"https:\/\/www.f3f.fr\/portails-volets-clotures-stores\/wp-content\/uploads\/2017\/03\/IMG_2063.jpg\" alt=\"\" title=\"IMG_2063\"><\/a><\/figure><figure class=\"swiper-slide\"><a class=\"penci-gallery-ite item-gallery-single-slider item-link-relative\" href=\"https:\/\/www.f3f.fr\/portails-volets-clotures-stores\/wp-content\/uploads\/2017\/03\/IMG_2071.jpg\" data-rel=\"penci-gallery-image-content\"  data-rel=\"penci-gallery-image-content\" data-idwrap=\"penci-image_gallery_94030\"><span class=\"penci-isotope-padding\" style=\"padding-bottom:48.63247863%;\"><\/span><img decoding=\"async\" src=\"https:\/\/www.f3f.fr\/portails-volets-clotures-stores\/wp-content\/uploads\/2017\/03\/IMG_2071-1170x569.jpg\" alt=\"\" title=\"IMG_2071\"><\/a><\/figure><\/div><\/div><\/div>            <\/div>\n        <\/div>\n\t\t\t\t\t\t<\/div>\n\t\t\t\t<\/div>\n\t\t\t\t<div class=\"elementor-element elementor-element-1623c3e9 elementor-widget elementor-widget-text-editor\" data-id=\"1623c3e9\" data-element_type=\"widget\" data-widget_type=\"text-editor.default\">\n\t\t\t\t\t\t\t\t\t<ul>\n<li>Portes de garage basculantes et sectionnelles<\/li>\n<li>Portails battants et coulissants (aluminium, acier)<\/li>\n<li>Cl\u00f4tures (aluminium)<\/li>\n<li>Garde-corps (aluminium)<\/li>\n<li>Volets roulants et battants (aluminium, PVC et bois)<\/li>\n<li>Stores et brise-soleil<\/li>\n<li>Cl\u00f4tures et rideaux m\u00e9talliques (pour d\u00e9p\u00f4ts et magasins)<\/li>\n<li>Automatismes pour habitat, collectivit\u00e9s et industrie<\/li>\n<\/ul>\n<h2>SERVICES +<\/h2>\n<ul>\n<li>D\u00e9pannage toutes marques<\/li>\n<li>Automatisation<\/li>\n<li>Contrats de maintenance<\/li>\n<\/ul>\n<p>Des produits haut de gamme au juste prix<\/p><p>Vous pouvez faire appel \u00e0 nos services pour la maintenance, l&rsquo;installation et la fourniture de toutes fermetures de b\u00e2timent industriel, collectif et r\u00e9sidentiel ( en neuf ou en r\u00e9novation ).<\/p>\n<p>S\u00e9curit\u00e9, esth\u00e9tique, qualit\u00e9 et robustesse sont les garanties offertes par Fermetures des 3 Fronti\u00e8res.<\/p>\n<p>Les \u00e9tudes et devis sont gratuits.<\/p>\n<p>Un conseiller se d\u00e9placera sur place pour vous pr\u00e9senter la meilleure solution et vous accompagner dans votre projet.<\/p>\n<p>N&rsquo;h\u00e9sitez pas \u00e0 nous consulter, toute l&rsquo;\u00e9quipe de F3F se mobilisera pour vous donner enti\u00e8re satisfaction.[\/vc_column_text][\/vc_column][\/vc_row]<\/p>\t\t\t\t\t\t\t\t<\/div>\n\t\t\t\t\t<\/div>\n\t\t<\/div>\n\t\t\t\t\t<\/div>\n\t\t<\/section>\n\t\t\t\t<\/div>\n\t\t","protected":false},"excerpt":{"rendered":"<p>FERMETURES DES TROIS FRONTIERES Portes de garage basculantes et sectionnelles Portails battants et coulissants (aluminium, acier) Cl\u00f4tures (aluminium) Garde-corps (aluminium) Volets roulants et battants (aluminium, PVC et bois) Stores et&hellip;<\/p>\n","protected":false},"author":1,"featured_media":0,"parent":0,"menu_order":0,"comment_status":"closed","ping_status":"open","template":"","meta":{"content-type":"","_lmt_disableupdate":"","_lmt_disable":"","footnotes":""},"class_list":["post-2","page","type-page","status-publish","hentry"],"_links":{"self":[{"href":"https:\/\/www.f3f.fr\/portails-volets-clotures-stores\/wp-json\/wp\/v2\/pages\/2","targetHints":{"allow":["GET"]}}],"collection":[{"href":"https:\/\/www.f3f.fr\/portails-volets-clotures-stores\/wp-json\/wp\/v2\/pages"}],"about":[{"href":"https:\/\/www.f3f.fr\/portails-volets-clotures-stores\/wp-json\/wp\/v2\/types\/page"}],"author":[{"embeddable":true,"href":"https:\/\/www.f3f.fr\/portails-volets-clotures-stores\/wp-json\/wp\/v2\/users\/1"}],"replies":[{"embeddable":true,"href":"https:\/\/www.f3f.fr\/portails-volets-clotures-stores\/wp-json\/wp\/v2\/comments?post=2"}],"version-history":[{"count":21,"href":"https:\/\/www.f3f.fr\/portails-volets-clotures-stores\/wp-json\/wp\/v2\/pages\/2\/revisions"}],"predecessor-version":[{"id":1635,"href":"https:\/\/www.f3f.fr\/portails-volets-clotures-stores\/wp-json\/wp\/v2\/pages\/2\/revisions\/1635"}],"wp:attachment":[{"href":"https:\/\/www.f3f.fr\/portails-volets-clotures-stores\/wp-json\/wp\/v2\/media?parent=2"}],"curies":[{"name":"wp","href":"https:\/\/api.w.org\/{rel}","templated":true}]}}